                                                                                                                                                                                                                                                                                                                                                                                                                                                                                                                                                                                                                                                                                                                                                                                                                                                        {"id":9,"date":"2016-11-15T21:02:23","date_gmt":"2016-11-15T20:02:23","guid":{"rendered":"http:\/\/carinebejotsophrologue.com\/?page_id=9"},"modified":"2016-11-28T20:11:23","modified_gmt":"2016-11-28T19:11:23","slug":"qui-suis-je","status":"publish","type":"page","link":"https:\/\/carinebejotsophrologue.com\/index.php\/qui-suis-je\/","title":{"rendered":"Qui suis-je?"},"content":{"rendered":"<p>Apr\u00e8s \u00a0un cursus de psychologie du d\u00e9veloppement enfants et adolescents, j\u2019ai suivie une formation de sophrologie aupr\u00e8s du Dr Patrick CHENE \u00e0 l\u2019acad\u00e9mie de sophrologie de Paris dans le 15 \u00e8me arrondissement.<\/p>\n<p>J\u2019ai fait cette formation de sophrologie\u00a0 car il me manquait des outils suite \u00e0 mon premier amour, la psychologie. La sophrologie est une m\u00e9thode \u00e0 part, enti\u00e8re riche et compl\u00e8te qui, quand elle rentre dans notre vie la transforme, nous aide \u00e0 mieux nous conna\u00eetre, affronter notre quotidien avec s\u00e9r\u00e9nit\u00e9. C\u2019est pour moi un ensemble d\u2019outils et technique th\u00e9rapeutique mais aussi vie philosophie et un art de vivre\u00a0.<\/p>\n<p>Je suis membre de la chambre syndicale de la sophrologie.<\/p>\n<p><img loading=\"lazy\" decoding=\"async\" class=\"size-full wp-image-28 aligncenter\" src=\"https:\/\/carinebejotsophrologue.com\/wp-content\/uploads\/2016\/11\/Ma-d\u00e9finition-de-la-sophrologie-chambre-syndicale.jpg\" alt=\"ma-definition-de-la-sophrologie-chambre-syndicale\" width=\"223\" height=\"108\" \/><\/p>\n<p>&nbsp;<\/p>\n<p>Mieux se conna\u00eetre, ma\u00eetriser aux mieux les d\u00e9fis du quotidien permet de tout simplement mieux vivre l&rsquo;instant pr\u00e9sent.<\/p>\n<p>&nbsp;<\/p>\n<p><img loading=\"lazy\" decoding=\"async\" class=\"size-full wp-image-30 aligncenter\" src=\"https:\/\/carinebejotsophrologue.com\/wp-content\/uploads\/2016\/11\/sophrologue-carine-bejot-2.jpg\" alt=\"sophrologue-carine-bejot-2\" width=\"153\" height=\"230\" \/><\/p>\n","protected":false},"excerpt":{"rendered":"<p>Apr\u00e8s \u00a0un cursus de psychologie du d\u00e9veloppement enfants et adolescents, j\u2019ai suivie une formation de sophrologie aupr\u00e8s du Dr Patrick CHENE \u00e0 l\u2019acad\u00e9mie de sophrologie de Paris dans le 15 \u00e8me arrondissement. J\u2019ai fait cette formation de sophrologie\u00a0 car il me manquait des outils suite \u00e0 mon premier amour, la psychologie. La sophrologie est une [&hellip;]<\/p>\n","protected":false},"author":1,"featured_media":0,"parent":0,"menu_order":0,"comment_status":"closed","ping_status":"open","template":"","meta":{"footnotes":""},"class_list":["post-9","page","type-page","status-publish","hentry"],"_links":{"self":[{"href":"https:\/\/carinebejotsophrologue.com\/index.php\/wp-json\/wp\/v2\/pages\/9","targetHints":{"allow":["GET"]}}],"collection":[{"href":"https:\/\/carinebejotsophrologue.com\/index.php\/wp-json\/wp\/v2\/pages"}],"about":[{"href":"https:\/\/carinebejotsophrologue.com\/index.php\/wp-json\/wp\/v2\/types\/page"}],"author":[{"embeddable":true,"href":"https:\/\/carinebejotsophrologue.com\/index.php\/wp-json\/wp\/v2\/users\/1"}],"replies":[{"embeddable":true,"href":"https:\/\/carinebejotsophrologue.com\/index.php\/wp-json\/wp\/v2\/comments?post=9"}],"version-history":[{"count":4,"href":"https:\/\/carinebejotsophrologue.com\/index.php\/wp-json\/wp\/v2\/pages\/9\/revisions"}],"predecessor-version":[{"id":41,"href":"https:\/\/carinebejotsophrologue.com\/index.php\/wp-json\/wp\/v2\/pages\/9\/revisions\/41"}],"wp:attachment":[{"href":"https:\/\/carinebejotsophrologue.com\/index.php\/wp-json\/wp\/v2\/media?parent=9"}],"curies":[{"name":"wp","href":"https:\/\/api.w.org\/{rel}","templated":true}]}}