                                                                                                                                                                                                                                                                                                                                                                                                                                                                                                                                                                                                                                                                                                                                                                                                                                                        {"id":83,"date":"2024-09-17T10:54:12","date_gmt":"2024-09-17T08:54:12","guid":{"rendered":"http:\/\/carinebejotsophrologue.com\/?page_id=83"},"modified":"2024-09-17T10:54:12","modified_gmt":"2024-09-17T08:54:12","slug":"mes-tarifs-et-type-de-seances","status":"publish","type":"page","link":"https:\/\/carinebejotsophrologue.com\/index.php\/mon-cabinet\/mes-tarifs-et-type-de-seances\/","title":{"rendered":"Mes tarifs et type de s\u00e9ances"},"content":{"rendered":"<p>Pour toutes les premi\u00e8res s\u00e9ances ( prise de contact, anamn\u00e8se et s\u00e9ance)<strong>\u2026\u2026. 80 euros\u00a0.<\/strong><\/p>\n<p>&nbsp;<\/p>\n<ul>\n<li><strong><u>S\u00e9ance de sophrologie <\/u><\/strong><\/li>\n<\/ul>\n<p>Enfants, adolescents, adultes<strong>\u2026\u2026\u2026\u2026\u2026\u2026\u2026\u2026\u2026\u2026\u2026\u2026\u2026\u2026\u2026.\u00a060 euros\u00a0.<\/strong><\/p>\n<p><strong><u>\u00a0<\/u><\/strong><\/p>\n<ul>\n<li><strong><u>S\u00e9ance sophro- famille<\/u><\/strong><strong>(4 pers et 10 euros par pers sup)120 euros.<\/strong><\/li>\n<\/ul>\n<p><strong>\u00a0<\/strong><\/p>\n<ul>\n<li><strong><u>S\u00e9ance d\u2019hypnose <\/u><\/strong><\/li>\n<\/ul>\n<p>Enfants, adolescents, adultes\u00a0 \u2026\u2026\u2026\u2026\u2026\u2026\u2026\u2026\u2026\u2026\u2026\u2026\u2026\u2026\u00a0 \u00a0<strong>60 euros<\/strong>. <strong>\u00a0\u00a0\u00a0\u00a0\u00a0\u00a0\u00a0\u00a0\u00a0\u00a0\u00a0\u00a0\u00a0\u00a0\u00a0\u00a0\u00a0\u00a0\u00a0\u00a0\u00a0\u00a0\u00a0\u00a0\u00a0\u00a0\u00a0\u00a0\u00a0\u00a0\u00a0\u00a0\u00a0\u00a0\u00a0\u00a0\u00a0\u00a0\u00a0\u00a0\u00a0\u00a0\u00a0\u00a0\u00a0\u00a0\u00a0\u00a0\u00a0\u00a0\u00a0<\/strong><\/p>\n<p>&nbsp;<\/p>\n<ul>\n<li><strong><u>S\u00e9ance AccessBars <\/u><\/strong><\/li>\n<\/ul>\n<p>Enfants, adolescents, adultes\u2026\u2026\u2026\u2026\u2026\u2026\u2026\u2026\u2026\u2026\u2026\u2026\u2026\u2026..\u00a0 <strong>\u00a090 euros.<\/strong><\/p>\n<p><strong>\u00a0<\/strong><\/p>\n<ul>\n<li><strong><u>S\u00e9ance papa zen ou maman zen<\/u><\/strong><strong> \u2026\u2026\u2026\u2026\u2026\u2026\u2026\u2026\u2026\u2026\u2026\u2026.\u00a0 60 euros\u00a0.<\/strong><\/li>\n<\/ul>\n<p><strong>\u00a0<\/strong><\/p>\n<ul>\n<li><strong><u>S\u00e9ance de m\u00e9thodologie <\/u><\/strong><\/li>\n<\/ul>\n<p>Enfants ,adolescents\u00a0\u00a0\u00a0 \u2026\u2026\u2026\u2026\u2026\u2026.<strong>\u2026\u2026\u2026\u2026\u2026\u2026\u2026\u2026\u2026\u2026\u2026\u2026.\u00a060 euros.<\/strong><\/p>\n<p>&nbsp;<\/p>\n<p><strong>\u00a0<\/strong><\/p>\n<p><strong>Il serait vraiment agr\u00e9able d\u2019\u00eatre pr\u00e9venue \u00e0 l\u2019avance si vous ne pouvez honorer votre rendez-vous car le jour m\u00eame, il vous sera d\u00fb.<\/strong><\/p>\n<p><strong>En vous remerciant pour votre compr\u00e9hension.<\/strong><\/p>\n","protected":false},"excerpt":{"rendered":"<p>Pour toutes les premi\u00e8res s\u00e9ances ( prise de contact, anamn\u00e8se et s\u00e9ance)\u2026\u2026. 80 euros\u00a0. &nbsp; S\u00e9ance de sophrologie Enfants, adolescents, adultes\u2026\u2026\u2026\u2026\u2026\u2026\u2026\u2026\u2026\u2026\u2026\u2026\u2026\u2026\u2026.\u00a060 euros\u00a0. \u00a0 S\u00e9ance sophro- famille(4 pers et 10 euros par pers sup)120 euros. \u00a0 S\u00e9ance d\u2019hypnose Enfants, adolescents, adultes\u00a0 \u2026\u2026\u2026\u2026\u2026\u2026\u2026\u2026\u2026\u2026\u2026\u2026\u2026\u2026\u00a0 \u00a060 euros. \u00a0\u00a0\u00a0\u00a0\u00a0\u00a0\u00a0\u00a0\u00a0\u00a0\u00a0\u00a0\u00a0\u00a0\u00a0\u00a0\u00a0\u00a0\u00a0\u00a0\u00a0\u00a0\u00a0\u00a0\u00a0\u00a0\u00a0\u00a0\u00a0\u00a0\u00a0\u00a0\u00a0\u00a0\u00a0\u00a0\u00a0\u00a0\u00a0\u00a0\u00a0\u00a0\u00a0\u00a0\u00a0\u00a0\u00a0\u00a0\u00a0\u00a0\u00a0 &nbsp; S\u00e9ance AccessBars Enfants, adolescents, adultes\u2026\u2026\u2026\u2026\u2026\u2026\u2026\u2026\u2026\u2026\u2026\u2026\u2026\u2026..\u00a0 \u00a090 euros. \u00a0 S\u00e9ance papa [&hellip;]<\/p>\n","protected":false},"author":1,"featured_media":0,"parent":15,"menu_order":0,"comment_status":"closed","ping_status":"closed","template":"","meta":{"footnotes":""},"class_list":["post-83","page","type-page","status-publish","hentry"],"_links":{"self":[{"href":"https:\/\/carinebejotsophrologue.com\/index.php\/wp-json\/wp\/v2\/pages\/83","targetHints":{"allow":["GET"]}}],"collection":[{"href":"https:\/\/carinebejotsophrologue.com\/index.php\/wp-json\/wp\/v2\/pages"}],"about":[{"href":"https:\/\/carinebejotsophrologue.com\/index.php\/wp-json\/wp\/v2\/types\/page"}],"author":[{"embeddable":true,"href":"https:\/\/carinebejotsophrologue.com\/index.php\/wp-json\/wp\/v2\/users\/1"}],"replies":[{"embeddable":true,"href":"https:\/\/carinebejotsophrologue.com\/index.php\/wp-json\/wp\/v2\/comments?post=83"}],"version-history":[{"count":3,"href":"https:\/\/carinebejotsophrologue.com\/index.php\/wp-json\/wp\/v2\/pages\/83\/revisions"}],"predecessor-version":[{"id":89,"href":"https:\/\/carinebejotsophrologue.com\/index.php\/wp-json\/wp\/v2\/pages\/83\/revisions\/89"}],"up":[{"embeddable":true,"href":"https:\/\/carinebejotsophrologue.com\/index.php\/wp-json\/wp\/v2\/pages\/15"}],"wp:attachment":[{"href":"https:\/\/carinebejotsophrologue.com\/index.php\/wp-json\/wp\/v2\/media?parent=83"}],"curies":[{"name":"wp","href":"https:\/\/api.w.org\/{rel}","templated":true}]}}