                                                                                                                                                                                                                                                                                                                                                                                                                                                                                                                                                                                                                                                                                                                                                                                                                                                        {"id":51,"date":"2024-09-03T21:03:00","date_gmt":"2024-09-03T19:03:00","guid":{"rendered":"http:\/\/carinebejotsophrologue.com\/?page_id=51"},"modified":"2024-09-17T10:53:57","modified_gmt":"2024-09-17T08:53:57","slug":"seance-en-famille-sophrologue","status":"publish","type":"page","link":"https:\/\/carinebejotsophrologue.com\/index.php\/la-sophrologie-pour-qui\/seance-en-famille-sophrologue\/","title":{"rendered":"S\u00e9ance en famille &#8211; sophrologue"},"content":{"rendered":"<p><img loading=\"lazy\" decoding=\"async\" class=\"alignnone size-medium wp-image-52\" src=\"https:\/\/carinebejotsophrologue.com\/wp-content\/uploads\/2017\/09\/sophrologue-image-1-300x200.jpg\" alt=\"Seance de sophrologie en famille\" width=\"300\" height=\"200\" srcset=\"https:\/\/carinebejotsophrologue.com\/wp-content\/uploads\/2017\/09\/sophrologue-image-1-300x200.jpg 300w, https:\/\/carinebejotsophrologue.com\/wp-content\/uploads\/2017\/09\/sophrologue-image-1.jpg 424w\" sizes=\"auto, (max-width: 300px) 100vw, 300px\" \/><\/p>\n<p>&nbsp;<\/p>\n<p>Envie de vivre une s\u00e9ance de d\u00e9tente et de relaxation <strong>en famille<\/strong>.<\/p>\n<p>Venez\u00a0partager avec vos enfants, ou petits-enfants (\u00e0 partir de 3 ans) \u00a0les s\u00e9ances de base afin de r\u00e9apprendre \u00e0 respirer, apprendre \u00e0 d\u00e9tendre tout son corps, apprendre \u00e0 \u00e9vacuer, prendre du temps en famille et retrouver une harmonie entre la t\u00eate et le corps. Prendre du temps ensemble\u00a0!!!!<\/p>\n<p><img loading=\"lazy\" decoding=\"async\" class=\"alignnone size-medium wp-image-53\" src=\"https:\/\/carinebejotsophrologue.com\/wp-content\/uploads\/2017\/09\/sophrologue-image-2-300x225.jpg\" alt=\"\" width=\"300\" height=\"225\" \/><\/p>\n<p>&nbsp;<\/p>\n<p>Je serai heureuse de vous recevoir en famille \u00e0 mon cabinet ou \u00e0 votre domicile.<\/p>\n<p>S\u00e9ance au cabinet 4 personnes ou 6 personnes pour aborder diff\u00e9rents th\u00e8mes en fonction de vous.<\/p>\n<p>&nbsp;<\/p>\n<p><img loading=\"lazy\" decoding=\"async\" class=\"alignnone size-medium wp-image-54\" src=\"https:\/\/carinebejotsophrologue.com\/wp-content\/uploads\/2017\/09\/sophrologue-image-3-300x212.jpg\" alt=\"\" width=\"300\" height=\"212\" srcset=\"https:\/\/carinebejotsophrologue.com\/wp-content\/uploads\/2017\/09\/sophrologue-image-3-300x212.jpg 300w, https:\/\/carinebejotsophrologue.com\/wp-content\/uploads\/2017\/09\/sophrologue-image-3-768x543.jpg 768w, https:\/\/carinebejotsophrologue.com\/wp-content\/uploads\/2017\/09\/sophrologue-image-3-750x531.jpg 750w, https:\/\/carinebejotsophrologue.com\/wp-content\/uploads\/2017\/09\/sophrologue-image-3.jpg 800w\" sizes=\"auto, (max-width: 300px) 100vw, 300px\" \/><\/p>\n","protected":false},"excerpt":{"rendered":"<p>&nbsp; Envie de vivre une s\u00e9ance de d\u00e9tente et de relaxation en famille. Venez\u00a0partager avec vos enfants, ou petits-enfants (\u00e0 partir de 3 ans) \u00a0les s\u00e9ances de base afin de r\u00e9apprendre \u00e0 respirer, apprendre \u00e0 d\u00e9tendre tout son corps, apprendre \u00e0 \u00e9vacuer, prendre du temps en famille et retrouver une harmonie entre la t\u00eate et [&hellip;]<\/p>\n","protected":false},"author":1,"featured_media":0,"parent":12,"menu_order":0,"comment_status":"closed","ping_status":"closed","template":"","meta":{"footnotes":""},"class_list":["post-51","page","type-page","status-publish","hentry"],"_links":{"self":[{"href":"https:\/\/carinebejotsophrologue.com\/index.php\/wp-json\/wp\/v2\/pages\/51","targetHints":{"allow":["GET"]}}],"collection":[{"href":"https:\/\/carinebejotsophrologue.com\/index.php\/wp-json\/wp\/v2\/pages"}],"about":[{"href":"https:\/\/carinebejotsophrologue.com\/index.php\/wp-json\/wp\/v2\/types\/page"}],"author":[{"embeddable":true,"href":"https:\/\/carinebejotsophrologue.com\/index.php\/wp-json\/wp\/v2\/users\/1"}],"replies":[{"embeddable":true,"href":"https:\/\/carinebejotsophrologue.com\/index.php\/wp-json\/wp\/v2\/comments?post=51"}],"version-history":[{"count":1,"href":"https:\/\/carinebejotsophrologue.com\/index.php\/wp-json\/wp\/v2\/pages\/51\/revisions"}],"predecessor-version":[{"id":55,"href":"https:\/\/carinebejotsophrologue.com\/index.php\/wp-json\/wp\/v2\/pages\/51\/revisions\/55"}],"up":[{"embeddable":true,"href":"https:\/\/carinebejotsophrologue.com\/index.php\/wp-json\/wp\/v2\/pages\/12"}],"wp:attachment":[{"href":"https:\/\/carinebejotsophrologue.com\/index.php\/wp-json\/wp\/v2\/media?parent=51"}],"curies":[{"name":"wp","href":"https:\/\/api.w.org\/{rel}","templated":true}]}}