                                                                                                                                                                                                                                                                                                                                                                                                                                                                                                                                                                                                                                                                                                                                                                                                                                                        {"id":2,"date":"2024-09-17T10:51:59","date_gmt":"2024-09-17T08:51:59","guid":{"rendered":"http:\/\/carinebejotsophrologue.com\/?page_id=2"},"modified":"2024-09-17T10:51:59","modified_gmt":"2024-09-17T08:51:59","slug":"cabinet-de-sophrologie-en-ile-de-france","status":"publish","type":"page","link":"https:\/\/carinebejotsophrologue.com\/index.php\/cabinet-de-sophrologie-en-ile-de-france\/","title":{"rendered":"Cabinet de sophrologie en Ile de France"},"content":{"rendered":"<p>La richesse de la sophrologie est de disposer d\u2019exercices statiques ou dynamiques qui r\u00e9pondent aux besoins de chacun et qui permettent \u00a0d\u2019atteindre ses objectifs personnels comme professionnel . Ces exercices sont simples, faciles, et\u00a0 on peut s\u2019entrainer de fa\u00e7on autonome. Apr\u00e8s quelques s\u00e9ances, vous pouvez poursuivre le travail vous m\u00eame et prendre en main votre vie pour vivre de fa\u00e7on la plus harmonieuse possible.<\/p>\n<p>Offrez vous de l\u2019harmonie et du bien-\u00eatre. Faites que votre quotidien soit le plus doux et agr\u00e9able possible. Prenez le temps de vous occuper de vous. VIVEZ\u00a0, RESPIREZ<\/p>\n<p>Mon cabinet se trouve au 29 Avenue du G\u00e9n\u00e9ral Leclerc au Plessis Robinson (92350)<\/p>\n<style>\n  .doctolib-button {\n    display: inline-block;\n    padding: 6px 12px;\n    margin-bottom: 0px;\n    color: #ffffff;\n    font-family: Arial;\n    font-size: 12px;\n    font-weight: normal;\n    line-height: 1.42857;\n    text-align: center;\n    vertical-align: middle;\n    text-transform: uppercase;\n    min-height: 0px;\n    width: 230px;\n    background-image: none;\n    background-color: #3498db;\n    cursor: pointer;\n    text-decoration: none;\n    border: 1px solid transparent;\n    border-width: medium medium 2px;\n    border-style: none none solid;\n    border-image: none;\n    border-radius: 5px;\n    border-bottom-color: #2383c4;\n    -moz-border-top-colors: none;\n    -moz-border-right-colors: none;\n    -moz-border-bottom-colors: none;\n    -moz-border-left-colors: none;\n    -moz-user-select: none;\n  }<\/p>\n<p>  .doctolib-button:hover {\n    background-color: #077ac7;\n    color: #ffffff;\n    text-decoration: none;\n  }\n<\/style>\n<p>    <!-- RESALIB BADGE --><br \/>\n    <script>(function(d, s, id) {\n    var js, fjs = d.getElementsByTagName(s)[0];\n    if (d.getElementById(id)) return;\n    js = d.createElement(s); js.id = id;\n    js.src = \"https:\/\/www.resalib.fr\/script\/62330\/badge.js\";\n    fjs.parentNode.insertBefore(js, fjs);\n    }(document, \"script\", \"resalib-sdk\"));\n    <\/script><\/p>\n<div class=\"rlb-badge \">\n    <a target=\"_blank\" href=\"https:\/\/www.resalib.fr\/praticien\/62330--carine-delamare-bejot-sophrologue-le-plessis-robinson\" rel=\"noopener\">Retrouvez  Carine Delamare Bejot sur Resalib : annuaire, r\u00e9f\u00e9rencement et prise de rendez-vous pour les Sophrologues<\/a>\n    <\/div>\n<p>    <!-- RESALIB BADGE --><\/p>\n<p><iframe src=\"https:\/\/www.google.com\/maps\/embed?pb=!1m18!1m12!1m3!1d2628.9277958324637!2d2.2652940999999998!3d48.7832687!2m3!1f0!2f0!3f0!3m2!1i1024!2i768!4f13.1!3m3!1m2!1s0x47e67a041c07e28d%3A0x5554b577e72aeeac!2s29%20Av.%20du%20G%C3%A9n%C3%A9ral%20Leclerc%2C%2092350%20Le%20Plessis-Robinson!5e0!3m2!1sfr!2sfr!4v1668081874733!5m2!1sfr!2sfr\" width=\"600\" height=\"450\" style=\"border:0;\" allowfullscreen=\"\" loading=\"lazy\" referrerpolicy=\"no-referrer-when-downgrade\"><\/iframe><\/p>\n","protected":false},"excerpt":{"rendered":"<p>La richesse de la sophrologie est de disposer d\u2019exercices statiques ou dynamiques qui r\u00e9pondent aux besoins de chacun et qui permettent \u00a0d\u2019atteindre ses objectifs personnels comme professionnel . Ces exercices sont simples, faciles, et\u00a0 on peut s\u2019entrainer de fa\u00e7on autonome. Apr\u00e8s quelques s\u00e9ances, vous pouvez poursuivre le travail vous m\u00eame et prendre en main votre [&hellip;]<\/p>\n","protected":false},"author":1,"featured_media":0,"parent":0,"menu_order":0,"comment_status":"closed","ping_status":"open","template":"","meta":{"footnotes":""},"class_list":["post-2","page","type-page","status-publish","hentry"],"_links":{"self":[{"href":"https:\/\/carinebejotsophrologue.com\/index.php\/wp-json\/wp\/v2\/pages\/2","targetHints":{"allow":["GET"]}}],"collection":[{"href":"https:\/\/carinebejotsophrologue.com\/index.php\/wp-json\/wp\/v2\/pages"}],"about":[{"href":"https:\/\/carinebejotsophrologue.com\/index.php\/wp-json\/wp\/v2\/types\/page"}],"author":[{"embeddable":true,"href":"https:\/\/carinebejotsophrologue.com\/index.php\/wp-json\/wp\/v2\/users\/1"}],"replies":[{"embeddable":true,"href":"https:\/\/carinebejotsophrologue.com\/index.php\/wp-json\/wp\/v2\/comments?post=2"}],"version-history":[{"count":6,"href":"https:\/\/carinebejotsophrologue.com\/index.php\/wp-json\/wp\/v2\/pages\/2\/revisions"}],"predecessor-version":[{"id":46936,"href":"https:\/\/carinebejotsophrologue.com\/index.php\/wp-json\/wp\/v2\/pages\/2\/revisions\/46936"}],"wp:attachment":[{"href":"https:\/\/carinebejotsophrologue.com\/index.php\/wp-json\/wp\/v2\/media?parent=2"}],"curies":[{"name":"wp","href":"https:\/\/api.w.org\/{rel}","templated":true}]}}